{"id":103,"date":"2021-12-14T11:24:08","date_gmt":"2021-12-14T11:24:08","guid":{"rendered":"https:\/\/jewishitalianmusic.org\/?page_id=103"},"modified":"2021-12-14T12:23:25","modified_gmt":"2021-12-14T12:23:25","slug":"approfondimento","status":"publish","type":"page","link":"https:\/\/jewishitalianmusic.org\/?page_id=103&lang=it","title":{"rendered":"Approfondimento"},"content":{"rendered":"\t\t<div data-elementor-type=\"wp-page\" data-elementor-id=\"103\" class=\"elementor elementor-103\" data-elementor-settings=\"[]\">\n\t\t\t\t\t\t\t<div class=\"elementor-section-wrap\">\n\t\t\t\t\t\t\t<section class=\"elementor-section elementor-top-section elementor-element elementor-element-3db5ad3 elementor-section-full_width elementor-section-stretched elementor-section-height-default elementor-section-height-default\" data-id=\"3db5ad3\" data-element_type=\"section\" data-settings=\"{&quot;stretch_section&quot;:&quot;section-stretched&quot;}\">\n\t\t\t\t\t\t<div class=\"elementor-container elementor-column-gap-default\">\n\t\t\t\t\t<div class=\"elementor-column elementor-col-50 elementor-top-column elementor-element elementor-element-9f0ecf0\" data-id=\"9f0ecf0\" data-element_type=\"column\" data-settings=\"{&quot;background_background&quot;:&quot;classic&quot;}\">\n\t\t\t<div class=\"elementor-widget-wrap elementor-element-populated\">\n\t\t\t\t\t\t\t\t<div class=\"elementor-element elementor-element-592d530 elementor-invisible elementor-widget elementor-widget-text-editor\" data-id=\"592d530\" data-element_type=\"widget\" data-settings=\"{&quot;_animation&quot;:&quot;fadeInUp&quot;}\" data-widget_type=\"text-editor.default\">\n\t\t\t\t<div class=\"elementor-widget-container\">\n\t\t\t\t\t\t\t<h1 style=\"color: #036666;\">APPROFONDIMENTO<\/h1><p>La <strong>storia della musica degli ebrei italiani<\/strong> \u00e8 ricca e complessa. Esistono repertori musicali distinti, legati alle tante comunit\u00e0 ebraiche sparse per il territorio, e molti, quantomeno quelli delle comunit\u00e0<span class=\"Apple-converted-space\">\u00a0 <\/span>attive nella <strong>prima met\u00e0 del &#8216;900<\/strong>, sono arrivati a oggi in forma di tradizione orale, di materiale scritto o di registrazioni (le prime negli anni &#8217;30). Esiste in Italia un rito ebraico<span class=\"Apple-converted-space\">\u00a0 <\/span>(\u201c<em>minhag<\/em>\u201d) specifico, chiamato <strong>rito romano o italiano<\/strong>, sviluppatosi nella comunit\u00e0 presente a Roma sin da ben prima della diaspora, prima della distruzione del Secondo Tempio a opera dei Romani; ma varie comunit\u00e0 seguono il <strong>rito Tedesco<\/strong> (<em>ashkenazita<\/em>), importato da ebrei di origine centro europea arrivati in quello che oggi \u00e8 nord Italia fin dal &#8216;400) o Spagnolo (<em>sefardita<\/em>), legato alle varie ondate di arrivi in Italia dopo l&#8217;espulsione degli ebrei dai territori spagnoli fra la fine del &#8216;400 e l&#8217;inizio del &#8216;500. In molte citt\u00e0, \u201cScuola Italiana\u201d, \u201cScuola Tedesca\u201d e \u201cScuola Spagnola\u201d hanno convissuto fianco a fianco per secoli, in particolare nelle citt\u00e0 pi\u00f9 grandi dove a partire dal XVI secolo gli ebrei furono costretti a trasferirsi dalle aree circostanti, per vivere in spazi delimitati, i \u201cghetti\u201d, chiusi la notte e aperti durante il giorno. <span class=\"Apple-converted-space\">\u00a0<\/span><\/p><p>Il <strong>XIX secolo<\/strong> ha rappresentato un <strong>momento di svolta per la storia ebraica italiana<\/strong>: la partecipazione attiva al Risorgimento, l&#8217;abolizione dei ghetti, tutto il vasto fenomeno noto con il nome di \u201cEmancipazione\u201d, port\u00f2 con s\u00e9 un nuovo senso di appartenenza, di orgoglio per il nuovo status di cittadini, di Italiani. Di qui la costruzione di grandi, imponenti sinagoghe; l&#8217;unificazione dei <em>minhagim<\/em>; e pure la <strong>\u201cmodernizzazione\u201d della tradizoni musicali<\/strong>, con nuove composizioni commissionate a compositori noti e meno noti, spesso per cantore, coro e organo, spesso prendendo molto a prestito dal repertorio operistica allora molto in voga e molto \u201citaliano\u201d.<span class=\"Apple-converted-space\">\u00a0<\/span><\/p><p>Cosa resta, allora, di memoria della storia musicale pi\u00f9 antica? Forse niente di molto esplicito, n\u00e9 tante melodie facilmente identificabili come arcaiche. Ma la storia della musica degli ebrei italiani \u00e8<span class=\"Apple-converted-space\">\u00a0 <\/span>prima di tutto una <strong>storia di interazione<\/strong>, decennio dopo decennio, secolo dopo secolo; interazione fra tradizioni ebraiche vicine e lontane e soprattutto fra mondo ebraico e mondo circostante; interazioni di cui la fascinazione per lo stile belcantistico dell&#8217;800 \u00e8 solo uno dei tanti esempi. Una storia di interazioni che ha lasciato tracce evidenti di s\u00e9, cos\u00ec che non \u00e8 strano trovare melodie a volte anche moderne ma con legami evidenti con melodie settecentesche, seicentesche, e a volte anche pi\u00f9 antiche. Se ascoltiamo le melodie che riempiono le sinagoghe d&#8217;Italia ogni <em>Shabbat<\/em> e a ogni ricorrenza (o nel caso delle comunit\u00e0 oggi scomparse, che le riempivano appena un secolo scorso), se ascoltiamo questo repertorio che \u00e8 miracolosamente ancora<span class=\"Apple-converted-space\">\u00a0 <\/span>vibrante, a differenza di tante altre tradizioni antiche ormai diventate solo materia per lo studio dei ricercatori; se ascoltiamo con attenzione, \u00e8 come <strong>ascoltare un racconto della storia degli ebrei d&#8217;Italia, e degli italiani in generale<\/strong>.<\/p>\t\t\t\t\t\t<\/div>\n\t\t\t\t<\/div>\n\t\t\t\t\t<\/div>\n\t\t<\/div>\n\t\t\t\t<div class=\"elementor-column elementor-col-50 elementor-top-column elementor-element elementor-element-d677620\" data-id=\"d677620\" data-element_type=\"column\" data-settings=\"{&quot;background_background&quot;:&quot;classic&quot;}\">\n\t\t\t<div class=\"elementor-widget-wrap\">\n\t\t\t\t\t\t\t\t\t<\/div>\n\t\t<\/div>\n\t\t\t\t\t\t\t<\/div>\n\t\t<\/section>\n\t\t\t\t\t\t<\/div>\n\t\t\t\t\t<\/div>\n\t\t","protected":false},"excerpt":{"rendered":"<p>APPROFONDIMENTO La storia della musica degli ebrei italiani \u00e8 ricca e complessa. Esistono repertori musicali distinti, legati alle tante comunit\u00e0 ebraiche sparse per il territorio, e molti, quantomeno quelli delle comunit\u00e0\u00a0 attive nella prima met\u00e0 del &#8216;900, sono arrivati a oggi in forma di tradizione orale, di materiale scritto o di registrazioni (le prime negli [&hellip;]<\/p>\n","protected":false},"author":1,"featured_media":0,"parent":0,"menu_order":0,"comment_status":"closed","ping_status":"closed","template":"","meta":[],"acf":[],"yoast_head":"<!-- This site is optimized with the Yoast SEO plugin v18.4.1 - https:\/\/yoast.com\/wordpress\/plugins\/seo\/ -->\n<title>Approfondimento - Jewish Italian Music<\/title>\n<meta name=\"robots\" content=\"index, follow, max-snippet:-1, max-image-preview:large, max-video-preview:-1\" \/>\n<link rel=\"canonical\" href=\"https:\/\/jewishitalianmusic.org\/?page_id=103&#038;lang=it\" \/>\n<meta property=\"og:locale\" content=\"en_US\" \/>\n<meta property=\"og:type\" content=\"article\" \/>\n<meta property=\"og:title\" content=\"Approfondimento - Jewish Italian Music\" \/>\n<meta property=\"og:description\" content=\"APPROFONDIMENTO La storia della musica degli ebrei italiani \u00e8 ricca e complessa. Esistono repertori musicali distinti, legati alle tante comunit\u00e0 ebraiche sparse per il territorio, e molti, quantomeno quelli delle comunit\u00e0\u00a0 attive nella prima met\u00e0 del &#8216;900, sono arrivati a oggi in forma di tradizione orale, di materiale scritto o di registrazioni (le prime negli [&hellip;]\" \/>\n<meta property=\"og:url\" content=\"https:\/\/jewishitalianmusic.org\/?page_id=103&amp;lang=it\" \/>\n<meta property=\"og:site_name\" content=\"Jewish Italian Music\" \/>\n<meta property=\"article:modified_time\" content=\"2021-12-14T12:23:25+00:00\" \/>\n<meta name=\"twitter:card\" content=\"summary_large_image\" \/>\n<meta name=\"twitter:label1\" content=\"Est. reading time\" \/>\n\t<meta name=\"twitter:data1\" content=\"2 minutes\" \/>\n<script type=\"application\/ld+json\" class=\"yoast-schema-graph\">{\"@context\":\"https:\/\/schema.org\",\"@graph\":[{\"@type\":\"Organization\",\"@id\":\"https:\/\/jewishitalianmusic.org\/#organization\",\"name\":\"Jewish Italian Music.\",\"url\":\"https:\/\/jewishitalianmusic.org\/\",\"sameAs\":[],\"logo\":{\"@type\":\"ImageObject\",\"@id\":\"https:\/\/jewishitalianmusic.org\/#logo\",\"inLanguage\":\"en-US\",\"url\":\"https:\/\/jewishitalianmusic.org\/wp-content\/uploads\/2022\/03\/jewish-italian-music.jpg\",\"contentUrl\":\"https:\/\/jewishitalianmusic.org\/wp-content\/uploads\/2022\/03\/jewish-italian-music.jpg\",\"width\":1920,\"height\":988,\"caption\":\"Jewish Italian Music.\"},\"image\":{\"@id\":\"https:\/\/jewishitalianmusic.org\/#logo\"}},{\"@type\":\"WebSite\",\"@id\":\"https:\/\/jewishitalianmusic.org\/#website\",\"url\":\"https:\/\/jewishitalianmusic.org\/\",\"name\":\"Jewish Italian Music\",\"description\":\"Dazzling wealth of material\",\"publisher\":{\"@id\":\"https:\/\/jewishitalianmusic.org\/#organization\"},\"potentialAction\":[{\"@type\":\"SearchAction\",\"target\":{\"@type\":\"EntryPoint\",\"urlTemplate\":\"https:\/\/jewishitalianmusic.org\/?s={search_term_string}\"},\"query-input\":\"required name=search_term_string\"}],\"inLanguage\":\"en-US\"},{\"@type\":\"WebPage\",\"@id\":\"https:\/\/jewishitalianmusic.org\/?page_id=103&lang=it#webpage\",\"url\":\"https:\/\/jewishitalianmusic.org\/?page_id=103&lang=it\",\"name\":\"Approfondimento - Jewish Italian Music\",\"isPartOf\":{\"@id\":\"https:\/\/jewishitalianmusic.org\/#website\"},\"datePublished\":\"2021-12-14T11:24:08+00:00\",\"dateModified\":\"2021-12-14T12:23:25+00:00\",\"breadcrumb\":{\"@id\":\"https:\/\/jewishitalianmusic.org\/?page_id=103&lang=it#breadcrumb\"},\"inLanguage\":\"en-US\",\"potentialAction\":[{\"@type\":\"ReadAction\",\"target\":[\"https:\/\/jewishitalianmusic.org\/?page_id=103&lang=it\"]}]},{\"@type\":\"BreadcrumbList\",\"@id\":\"https:\/\/jewishitalianmusic.org\/?page_id=103&lang=it#breadcrumb\",\"itemListElement\":[{\"@type\":\"ListItem\",\"position\":1,\"name\":\"Home\",\"item\":\"https:\/\/jewishitalianmusic.org\/\"},{\"@type\":\"ListItem\",\"position\":2,\"name\":\"Approfondimento\"}]}]}<\/script>\n<!-- \/ Yoast SEO plugin. -->","yoast_head_json":{"title":"Approfondimento - Jewish Italian Music","robots":{"index":"index","follow":"follow","max-snippet":"max-snippet:-1","max-image-preview":"max-image-preview:large","max-video-preview":"max-video-preview:-1"},"canonical":"https:\/\/jewishitalianmusic.org\/?page_id=103&lang=it","og_locale":"en_US","og_type":"article","og_title":"Approfondimento - Jewish Italian Music","og_description":"APPROFONDIMENTO La storia della musica degli ebrei italiani \u00e8 ricca e complessa. Esistono repertori musicali distinti, legati alle tante comunit\u00e0 ebraiche sparse per il territorio, e molti, quantomeno quelli delle comunit\u00e0\u00a0 attive nella prima met\u00e0 del &#8216;900, sono arrivati a oggi in forma di tradizione orale, di materiale scritto o di registrazioni (le prime negli [&hellip;]","og_url":"https:\/\/jewishitalianmusic.org\/?page_id=103&lang=it","og_site_name":"Jewish Italian Music","article_modified_time":"2021-12-14T12:23:25+00:00","twitter_card":"summary_large_image","twitter_misc":{"Est. reading time":"2 minutes"},"schema":{"@context":"https:\/\/schema.org","@graph":[{"@type":"Organization","@id":"https:\/\/jewishitalianmusic.org\/#organization","name":"Jewish Italian Music.","url":"https:\/\/jewishitalianmusic.org\/","sameAs":[],"logo":{"@type":"ImageObject","@id":"https:\/\/jewishitalianmusic.org\/#logo","inLanguage":"en-US","url":"https:\/\/jewishitalianmusic.org\/wp-content\/uploads\/2022\/03\/jewish-italian-music.jpg","contentUrl":"https:\/\/jewishitalianmusic.org\/wp-content\/uploads\/2022\/03\/jewish-italian-music.jpg","width":1920,"height":988,"caption":"Jewish Italian Music."},"image":{"@id":"https:\/\/jewishitalianmusic.org\/#logo"}},{"@type":"WebSite","@id":"https:\/\/jewishitalianmusic.org\/#website","url":"https:\/\/jewishitalianmusic.org\/","name":"Jewish Italian Music","description":"Dazzling wealth of material","publisher":{"@id":"https:\/\/jewishitalianmusic.org\/#organization"},"potentialAction":[{"@type":"SearchAction","target":{"@type":"EntryPoint","urlTemplate":"https:\/\/jewishitalianmusic.org\/?s={search_term_string}"},"query-input":"required name=search_term_string"}],"inLanguage":"en-US"},{"@type":"WebPage","@id":"https:\/\/jewishitalianmusic.org\/?page_id=103&lang=it#webpage","url":"https:\/\/jewishitalianmusic.org\/?page_id=103&lang=it","name":"Approfondimento - Jewish Italian Music","isPartOf":{"@id":"https:\/\/jewishitalianmusic.org\/#website"},"datePublished":"2021-12-14T11:24:08+00:00","dateModified":"2021-12-14T12:23:25+00:00","breadcrumb":{"@id":"https:\/\/jewishitalianmusic.org\/?page_id=103&lang=it#breadcrumb"},"inLanguage":"en-US","potentialAction":[{"@type":"ReadAction","target":["https:\/\/jewishitalianmusic.org\/?page_id=103&lang=it"]}]},{"@type":"BreadcrumbList","@id":"https:\/\/jewishitalianmusic.org\/?page_id=103&lang=it#breadcrumb","itemListElement":[{"@type":"ListItem","position":1,"name":"Home","item":"https:\/\/jewishitalianmusic.org\/"},{"@type":"ListItem","position":2,"name":"Approfondimento"}]}]}},"_links":{"self":[{"href":"https:\/\/jewishitalianmusic.org\/index.php?rest_route=\/wp\/v2\/pages\/103"}],"collection":[{"href":"https:\/\/jewishitalianmusic.org\/index.php?rest_route=\/wp\/v2\/pages"}],"about":[{"href":"https:\/\/jewishitalianmusic.org\/index.php?rest_route=\/wp\/v2\/types\/page"}],"author":[{"embeddable":true,"href":"https:\/\/jewishitalianmusic.org\/index.php?rest_route=\/wp\/v2\/users\/1"}],"replies":[{"embeddable":true,"href":"https:\/\/jewishitalianmusic.org\/index.php?rest_route=%2Fwp%2Fv2%2Fcomments&post=103"}],"version-history":[{"count":36,"href":"https:\/\/jewishitalianmusic.org\/index.php?rest_route=\/wp\/v2\/pages\/103\/revisions"}],"predecessor-version":[{"id":239,"href":"https:\/\/jewishitalianmusic.org\/index.php?rest_route=\/wp\/v2\/pages\/103\/revisions\/239"}],"wp:attachment":[{"href":"https:\/\/jewishitalianmusic.org\/index.php?rest_route=%2Fwp%2Fv2%2Fmedia&parent=103"}],"curies":[{"name":"wp","href":"https:\/\/api.w.org\/{rel}","templated":true}]}}